{"id":96,"date":"2025-06-23T20:21:41","date_gmt":"2025-06-23T23:21:41","guid":{"rendered":"https:\/\/cursosambiente.ead.unlp.edu.ar\/?page_id=96"},"modified":"2025-11-07T14:13:19","modified_gmt":"2025-11-07T17:13:19","slug":"calendario-academico-2025","status":"publish","type":"page","link":"https:\/\/cursosambiente.ead.unlp.edu.ar\/index.php\/calendario-academico-2025\/","title":{"rendered":"Calendario Acad\u00e9mico 2026"},"content":{"rendered":"\n<figure class=\"wp-block-image size-full is-resized\"><img loading=\"lazy\" decoding=\"async\" width=\"2885\" height=\"2439\" src=\"https:\/\/cursosambiente.ead.unlp.edu.ar\/wp-content\/uploads\/2025\/06\/calendarios-10.png\" alt=\"\" class=\"wp-image-260\" style=\"width:203px;height:auto\"\/><\/figure>\n\n\n\n<figure class=\"wp-block-table is-style-stripes\"><table class=\"has-black-color has-text-color has-link-color has-border-color has-fixed-layout\" style=\"border-color:#33cc33\"><thead><tr><th>Cursos<\/th><th class=\"has-text-align-center\" data-align=\"center\">Inicio\/Fin<\/th><th class=\"has-text-align-center\" data-align=\"center\">Inscripci\u00f3n<\/th><\/tr><\/thead><tbody><tr><td><strong>\u201cConceptos de Sostenibilidad y Soluciones Basadas en la Naturaleza\u201d<\/strong> <br><strong>Docentes:<\/strong> Dra. Nora G\u00f3mez y Lic. Marisa Esp\u00f3sito.<br><strong>Destinatarios:<\/strong> Para estudiantes, docentes y graduados de la UNLP y p\u00fablico en general. <\/td><td class=\"has-text-align-center\" data-align=\"center\">Primer cuatrimestre 2026<\/td><td class=\"has-text-align-center\" data-align=\"center\"><strong>Abierta la Inscripci\u00f3n<\/strong><br><strong>Cierre de inscripci\u00f3n 15 de febrero<\/strong><br>Completar formulario de inscripci\u00f3n<br><a href=\"https:\/\/forms.gle\/cgYf2wZemTcqzMnb9\" target=\"_blank\" rel=\"noreferrer noopener\">FORMULARIO<\/a><\/td><\/tr><tr><td><strong>\u201cEconom\u00eda Circular y Gesti\u00f3n Integral de Residuos S\u00f3lidos Urbanos (GIRSU)\u201d<\/strong><br><strong>Docente:<\/strong> Lic. Micaela Cazenave (UBA)<br><strong>Destinatarios:<\/strong> Para todo p\u00fablico. <\/td><td class=\"has-text-align-center\" data-align=\"center\">Primer cuatrimestre 2026<\/td><td class=\"has-text-align-center\" data-align=\"center\"><strong>Abierta la Inscripci\u00f3n<\/strong><br><strong>Cierre de inscripci\u00f3n 15 de febrero<\/strong><br>Completar formulario de inscripci\u00f3n<br><strong><a href=\"https:\/\/forms.gle\/U9pvfhENUoLb5rCv6\" data-type=\"link\" data-id=\"https:\/\/forms.gle\/U9pvfhENUoLb5rCv6\" target=\"_blank\" rel=\"noreferrer noopener\">FORMULARIO<\/a><\/strong><br><\/td><\/tr><tr><td><strong>\u201cLa Huella institucional de carbono en las Facultades y dependencias de la UNLP\u201d<\/strong>. <br><strong>Docente:<\/strong> Mg. Andres Fiandrino. <strong>Destinatarios:<\/strong> Personal de gesti\u00f3n de las facultades.<\/td><td class=\"has-text-align-center\" data-align=\"center\">Primer cuatrimestre 2026<\/td><td class=\"has-text-align-center\" data-align=\"center\"><strong>Abierta la Inscripci\u00f3n<\/strong><br><strong>Cierre de inscripci\u00f3n 15 de febrero<\/strong><br>Completar formulario de inscripci\u00f3n<br><a href=\"https:\/\/forms.gle\/Z1cW8WCYKmYYCoSB9\" target=\"_blank\" rel=\"noreferrer noopener\">FORMULARIO<\/a><\/td><\/tr><tr><td><strong>\u201cObjetivos de Desarrollo Sostenible y Participaci\u00f3n Comunitaria\u201d<\/strong><br><strong>Docentes:<\/strong> Dra Laura Teves, Dra. Gabriela Morgante y Mg. Martin Lazzaro.<br><strong>Destinatarios:<\/strong> Para estudiantes, docentes y graduados de la UNLP y p\u00fablico en general.<\/td><td class=\"has-text-align-center\" data-align=\"center\">Segundo cuatrimestre 2026<\/td><td class=\"has-text-align-center\" data-align=\"center\"><strong>Pr\u00f3ximamente<\/strong><br>Completar formulario de inscripci\u00f3n<\/td><\/tr><\/tbody><\/table><\/figure>\n\n\n\n<p><\/p>\n","protected":false},"excerpt":{"rendered":"<p>Cursos Inicio\/Fin Inscripci\u00f3n \u201cConceptos de Sostenibilidad y Soluciones Basadas en la Naturaleza\u201d Docentes: Dra. Nora G\u00f3mez y Lic. Marisa Esp\u00f3sito.Destinatarios: [&hellip;]<\/p>\n","protected":false},"author":2,"featured_media":0,"parent":0,"menu_order":20,"comment_status":"closed","ping_status":"closed","template":"","meta":{"_uag_custom_page_level_css":"","site-sidebar-layout":"default","site-content-layout":"","ast-site-content-layout":"default","site-content-style":"default","site-sidebar-style":"default","ast-global-header-display":"","ast-banner-title-visibility":"","ast-main-header-display":"","ast-hfb-above-header-display":"","ast-hfb-below-header-display":"","ast-hfb-mobile-header-display":"","site-post-title":"","ast-breadcrumbs-content":"","ast-featured-img":"","footer-sml-layout":"","theme-transparent-header-meta":"","adv-header-id-meta":"","stick-header-meta":"","header-above-stick-meta":"","header-main-stick-meta":"","header-below-stick-meta":"","astra-migrate-meta-layouts":"default","ast-page-background-enabled":"default","ast-page-background-meta":{"desktop":{"background-color":"var(--ast-global-color-5)","background-image":"","background-repeat":"repeat","background-position":"center center","background-size":"auto","background-attachment":"scroll","background-type":"","background-media":"","overlay-type":"","overlay-color":"","overlay-opacity":"","overlay-gradient":""},"tablet":{"background-color":"","background-image":"","background-repeat":"repeat","background-position":"center center","background-size":"auto","background-attachment":"scroll","background-type":"","background-media":"","overlay-type":"","overlay-color":"","overlay-opacity":"","overlay-gradient":""},"mobile":{"background-color":"","background-image":"","background-repeat":"repeat","background-position":"center center","background-size":"auto","background-attachment":"scroll","background-type":"","background-media":"","overlay-type":"","overlay-color":"","overlay-opacity":"","overlay-gradient":""}},"ast-content-background-meta":{"desktop":{"background-color":"var(--ast-global-color-4)","background-image":"","background-repeat":"repeat","background-position":"center center","background-size":"auto","background-attachment":"scroll","background-type":"","background-media":"","overlay-type":"","overlay-color":"","overlay-opacity":"","overlay-gradient":""},"tablet":{"background-color":"var(--ast-global-color-4)","background-image":"","background-repeat":"repeat","background-position":"center center","background-size":"auto","background-attachment":"scroll","background-type":"","background-media":"","overlay-type":"","overlay-color":"","overlay-opacity":"","overlay-gradient":""},"mobile":{"background-color":"var(--ast-global-color-4)","background-image":"","background-repeat":"repeat","background-position":"center center","background-size":"auto","background-attachment":"scroll","background-type":"","background-media":"","overlay-type":"","overlay-color":"","overlay-opacity":"","overlay-gradient":""}},"footnotes":""},"class_list":["post-96","page","type-page","status-publish","hentry"],"uagb_featured_image_src":{"full":false,"thumbnail":false,"medium":false,"medium_large":false,"large":false,"1536x1536":false,"2048x2048":false},"uagb_author_info":{"display_name":"Claudio Javier Jaime","author_link":"https:\/\/cursosambiente.ead.unlp.edu.ar\/index.php\/author\/jjaime\/"},"uagb_comment_info":0,"uagb_excerpt":"Cursos Inicio\/Fin Inscripci\u00f3n \u201cConceptos de Sostenibilidad y Soluciones Basadas en la Naturaleza\u201d Docentes: Dra. Nora G\u00f3mez y Lic. Marisa Esp\u00f3sito.Destinatarios: [&hellip;]","_links":{"self":[{"href":"https:\/\/cursosambiente.ead.unlp.edu.ar\/index.php\/wp-json\/wp\/v2\/pages\/96","targetHints":{"allow":["GET"]}}],"collection":[{"href":"https:\/\/cursosambiente.ead.unlp.edu.ar\/index.php\/wp-json\/wp\/v2\/pages"}],"about":[{"href":"https:\/\/cursosambiente.ead.unlp.edu.ar\/index.php\/wp-json\/wp\/v2\/types\/page"}],"author":[{"embeddable":true,"href":"https:\/\/cursosambiente.ead.unlp.edu.ar\/index.php\/wp-json\/wp\/v2\/users\/2"}],"replies":[{"embeddable":true,"href":"https:\/\/cursosambiente.ead.unlp.edu.ar\/index.php\/wp-json\/wp\/v2\/comments?post=96"}],"version-history":[{"count":14,"href":"https:\/\/cursosambiente.ead.unlp.edu.ar\/index.php\/wp-json\/wp\/v2\/pages\/96\/revisions"}],"predecessor-version":[{"id":579,"href":"https:\/\/cursosambiente.ead.unlp.edu.ar\/index.php\/wp-json\/wp\/v2\/pages\/96\/revisions\/579"}],"wp:attachment":[{"href":"https:\/\/cursosambiente.ead.unlp.edu.ar\/index.php\/wp-json\/wp\/v2\/media?parent=96"}],"curies":[{"name":"wp","href":"https:\/\/api.w.org\/{rel}","templated":true}]}}