{"id":93,"date":"2025-06-23T20:20:05","date_gmt":"2025-06-23T23:20:05","guid":{"rendered":"https:\/\/cursosambiente.ead.unlp.edu.ar\/?page_id=93"},"modified":"2025-11-07T14:34:52","modified_gmt":"2025-11-07T17:34:52","slug":"cursos","status":"publish","type":"page","link":"https:\/\/cursosambiente.ead.unlp.edu.ar\/index.php\/cursos\/","title":{"rendered":"Cursos"},"content":{"rendered":"\n<figure class=\"wp-block-image size-full is-resized has-custom-border\" style=\"margin-top:0;margin-bottom:0\"><img loading=\"lazy\" decoding=\"async\" width=\"2886\" height=\"2439\" src=\"https:\/\/cursosambiente.ead.unlp.edu.ar\/wp-content\/uploads\/2025\/06\/oferta-09.png\" alt=\"\" class=\"wp-image-257\" style=\"border-style:none;border-width:0px;width:203px;height:auto\"\/><\/figure>\n\n\n\n<div class=\"wp-block-columns is-layout-flex wp-container-core-columns-is-layout-1 wp-block-columns-is-layout-flex\">\n<div class=\"wp-block-column is-layout-flow wp-block-column-is-layout-flow\">\n<figure class=\"wp-block-image size-full\"><img loading=\"lazy\" decoding=\"async\" width=\"2000\" height=\"1000\" src=\"https:\/\/cursosambiente.ead.unlp.edu.ar\/wp-content\/uploads\/2025\/09\/ok-concepoptos-de-sosotenibilidad-1.png\" alt=\"\" class=\"wp-image-414\"\/><\/figure>\n\n\n\n<h5 class=\"wp-block-heading has-vivid-cyan-blue-color has-text-color has-link-color wp-elements-b0f2757ba77a4a411a6c3b2cdc945c72\"><strong>Primer cuatrimestre 2026<\/strong><\/h5>\n\n\n\n<h5 class=\"wp-block-heading\"><strong><a href=\"https:\/\/cursosambiente.ead.unlp.edu.ar\/index.php\/conceptos-de-sostenibilidad-y-soluciones-basadas-en-la-naturaleza\/\" data-type=\"page\" data-id=\"421\">Conceptos de Sostenibilidad y Soluciones Basadas en la Naturaleza<\/a><\/strong><\/h5>\n\n\n\n<figure class=\"wp-block-image size-full\"><img loading=\"lazy\" decoding=\"async\" width=\"2000\" height=\"1000\" src=\"https:\/\/cursosambiente.ead.unlp.edu.ar\/wp-content\/uploads\/2025\/09\/ok-la-huellas-institucional.png\" alt=\"\" class=\"wp-image-415\"\/><\/figure>\n\n\n\n<h5 class=\"wp-block-heading has-vivid-cyan-blue-color has-text-color has-link-color wp-elements-b0f2757ba77a4a411a6c3b2cdc945c72\"><strong>Primer cuatrimestre 2026<\/strong><\/h5>\n\n\n\n<h5 class=\"wp-block-heading\"><strong><a href=\"https:\/\/cursosambiente.ead.unlp.edu.ar\/index.php\/la-huella-institucional-de-carbono-en-las-facultades-y-dependencias-de-la-unlp\/\" data-type=\"page\" data-id=\"439\">La Huella institucional de carbono en las Facultades y dependencias de la UNLP<\/a><\/strong><\/h5>\n<\/div>\n\n\n\n<div class=\"wp-block-column is-layout-flow wp-block-column-is-layout-flow\">\n<figure class=\"wp-block-image size-full\"><img loading=\"lazy\" decoding=\"async\" width=\"1000\" height=\"500\" src=\"https:\/\/cursosambiente.ead.unlp.edu.ar\/wp-content\/uploads\/2025\/09\/ok-ecomomia-circular-chico-1.png\" alt=\"\" class=\"wp-image-418\"\/><\/figure>\n\n\n\n<h5 class=\"wp-block-heading has-vivid-cyan-blue-color has-text-color has-link-color wp-elements-45340be0253f42f9c3c4d1b80970fd9b\">Primero cuatrimestre 2026<\/h5>\n\n\n\n<h5 class=\"wp-block-heading\"><strong><a href=\"https:\/\/cursosambiente.ead.unlp.edu.ar\/index.php\/economia-circular-y-gestion-integral-de-residuos-solidos-urbanos-girsu\/\" data-type=\"page\" data-id=\"443\">Econom\u00eda Circular y Gesti\u00f3n Integral de Residuos S\u00f3lidos Urbanos (GIRSU)<\/a><\/strong><\/h5>\n\n\n\n<figure class=\"wp-block-image size-full\"><img loading=\"lazy\" decoding=\"async\" width=\"1000\" height=\"500\" src=\"https:\/\/cursosambiente.ead.unlp.edu.ar\/wp-content\/uploads\/2025\/09\/chica-objetos-de-desarrollo.png\" alt=\"\" class=\"wp-image-417\"\/><\/figure>\n\n\n\n<h5 class=\"wp-block-heading has-vivid-cyan-blue-color has-text-color has-link-color wp-elements-04a67aa2dce323ed78b8d39d4de2c3c8\"><strong>Segundo cuatrimestre 2026<\/strong><\/h5>\n\n\n\n<h5 class=\"wp-block-heading\"><a href=\"https:\/\/cursosambiente.ead.unlp.edu.ar\/index.php\/objetivos-de-desarrollo-sostenible-y-participacion-comunitaria\/\" data-type=\"page\" data-id=\"430\">Objetivos de Desarrollo Sostenible y Participaci\u00f3n Comunitaria<\/a><\/h5>\n<\/div>\n<\/div>\n\n\n\n<p><\/p>\n","protected":false},"excerpt":{"rendered":"<p>Primer cuatrimestre 2026 Conceptos de Sostenibilidad y Soluciones Basadas en la Naturaleza Primer cuatrimestre 2026 La Huella institucional de carbono [&hellip;]<\/p>\n","protected":false},"author":2,"featured_media":0,"parent":0,"menu_order":30,"comment_status":"closed","ping_status":"closed","template":"","meta":{"_uag_custom_page_level_css":"","site-sidebar-layout":"default","site-content-layout":"","ast-site-content-layout":"default","site-content-style":"default","site-sidebar-style":"default","ast-global-header-display":"","ast-banner-title-visibility":"","ast-main-header-display":"","ast-hfb-above-header-display":"","ast-hfb-below-header-display":"","ast-hfb-mobile-header-display":"","site-post-title":"","ast-breadcrumbs-content":"","ast-featured-img":"","footer-sml-layout":"","theme-transparent-header-meta":"","adv-header-id-meta":"","stick-header-meta":"","header-above-stick-meta":"","header-main-stick-meta":"","header-below-stick-meta":"","astra-migrate-meta-layouts":"default","ast-page-background-enabled":"default","ast-page-background-meta":{"desktop":{"background-color":"var(--ast-global-color-5)","background-image":"","background-repeat":"repeat","background-position":"center center","background-size":"auto","background-attachment":"scroll","background-type":"","background-media":"","overlay-type":"","overlay-color":"","overlay-opacity":"","overlay-gradient":""},"tablet":{"background-color":"","background-image":"","background-repeat":"repeat","background-position":"center center","background-size":"auto","background-attachment":"scroll","background-type":"","background-media":"","overlay-type":"","overlay-color":"","overlay-opacity":"","overlay-gradient":""},"mobile":{"background-color":"","background-image":"","background-repeat":"repeat","background-position":"center center","background-size":"auto","background-attachment":"scroll","background-type":"","background-media":"","overlay-type":"","overlay-color":"","overlay-opacity":"","overlay-gradient":""}},"ast-content-background-meta":{"desktop":{"background-color":"var(--ast-global-color-4)","background-image":"","background-repeat":"repeat","background-position":"center center","background-size":"auto","background-attachment":"scroll","background-type":"","background-media":"","overlay-type":"","overlay-color":"","overlay-opacity":"","overlay-gradient":""},"tablet":{"background-color":"var(--ast-global-color-4)","background-image":"","background-repeat":"repeat","background-position":"center center","background-size":"auto","background-attachment":"scroll","background-type":"","background-media":"","overlay-type":"","overlay-color":"","overlay-opacity":"","overlay-gradient":""},"mobile":{"background-color":"var(--ast-global-color-4)","background-image":"","background-repeat":"repeat","background-position":"center center","background-size":"auto","background-attachment":"scroll","background-type":"","background-media":"","overlay-type":"","overlay-color":"","overlay-opacity":"","overlay-gradient":""}},"footnotes":""},"class_list":["post-93","page","type-page","status-publish","hentry"],"uagb_featured_image_src":{"full":false,"thumbnail":false,"medium":false,"medium_large":false,"large":false,"1536x1536":false,"2048x2048":false},"uagb_author_info":{"display_name":"Claudio Javier Jaime","author_link":"https:\/\/cursosambiente.ead.unlp.edu.ar\/index.php\/author\/jjaime\/"},"uagb_comment_info":0,"uagb_excerpt":"Primer cuatrimestre 2026 Conceptos de Sostenibilidad y Soluciones Basadas en la Naturaleza Primer cuatrimestre 2026 La Huella institucional de carbono [&hellip;]","_links":{"self":[{"href":"https:\/\/cursosambiente.ead.unlp.edu.ar\/index.php\/wp-json\/wp\/v2\/pages\/93","targetHints":{"allow":["GET"]}}],"collection":[{"href":"https:\/\/cursosambiente.ead.unlp.edu.ar\/index.php\/wp-json\/wp\/v2\/pages"}],"about":[{"href":"https:\/\/cursosambiente.ead.unlp.edu.ar\/index.php\/wp-json\/wp\/v2\/types\/page"}],"author":[{"embeddable":true,"href":"https:\/\/cursosambiente.ead.unlp.edu.ar\/index.php\/wp-json\/wp\/v2\/users\/2"}],"replies":[{"embeddable":true,"href":"https:\/\/cursosambiente.ead.unlp.edu.ar\/index.php\/wp-json\/wp\/v2\/comments?post=93"}],"version-history":[{"count":42,"href":"https:\/\/cursosambiente.ead.unlp.edu.ar\/index.php\/wp-json\/wp\/v2\/pages\/93\/revisions"}],"predecessor-version":[{"id":551,"href":"https:\/\/cursosambiente.ead.unlp.edu.ar\/index.php\/wp-json\/wp\/v2\/pages\/93\/revisions\/551"}],"wp:attachment":[{"href":"https:\/\/cursosambiente.ead.unlp.edu.ar\/index.php\/wp-json\/wp\/v2\/media?parent=93"}],"curies":[{"name":"wp","href":"https:\/\/api.w.org\/{rel}","templated":true}]}}