{"id":82,"date":"2025-06-23T20:09:27","date_gmt":"2025-06-23T23:09:27","guid":{"rendered":"https:\/\/cursosambiente.ead.unlp.edu.ar\/?page_id=82"},"modified":"2025-09-23T16:08:54","modified_gmt":"2025-09-23T19:08:54","slug":"docentes-permanente","status":"publish","type":"page","link":"https:\/\/cursosambiente.ead.unlp.edu.ar\/index.php\/docentes-permanente\/","title":{"rendered":"Plantel Docente"},"content":{"rendered":"\n<figure class=\"wp-block-image size-full is-resized\"><img loading=\"lazy\" decoding=\"async\" width=\"2885\" height=\"2439\" src=\"https:\/\/cursosambiente.ead.unlp.edu.ar\/wp-content\/uploads\/2025\/06\/docentes-12.png\" alt=\"\" class=\"wp-image-274\" style=\"width:203px;height:auto\"\/><\/figure>\n\n\n\n<div style=\"height:35px\" aria-hidden=\"true\" class=\"wp-block-spacer\"><\/div>\n\n\n\n<div class=\"wp-block-columns alignwide has-ast-global-color-5-background-color has-background is-layout-flex wp-container-core-columns-is-layout-1 wp-block-columns-is-layout-flex\" style=\"padding-top:var(--wp--preset--spacing--30);padding-bottom:var(--wp--preset--spacing--30)\">\n<div class=\"wp-block-column is-layout-flow wp-block-column-is-layout-flow\">\n<figure class=\"wp-block-image aligncenter size-full is-resized\"><img loading=\"lazy\" decoding=\"async\" width=\"1100\" height=\"1100\" src=\"https:\/\/cursosambiente.ead.unlp.edu.ar\/wp-content\/uploads\/2025\/09\/ok-Nora-Gomez.png\" alt=\"\" class=\"wp-image-488\" style=\"width:270px\"\/><\/figure>\n\n\n\n<h4 class=\"wp-block-heading has-text-align-center has-text-color has-link-color wp-elements-39947d24e3d1d8511b5e313627e79f6c\" style=\"color:#33cc33\">Dra. Nora G\u00f3mez<\/h4>\n\n\n\n<h6 style=\"text-align: center;\"><span style=\"color: #000000;\">Dra en Ciencias Naturales de la UNLP. Secretaria de Ambiente y Conservaci\u00f3n de Recursos Naturales de la UNLP<\/span><\/h6>\n<h6><img loading=\"lazy\" decoding=\"async\" class=\"alignnone  wp-image-498\" src=\"https:\/\/cursosambiente.ead.unlp.edu.ar\/wp-content\/uploads\/2025\/09\/correo-chico.png\" alt=\"\" width=\"30\" height=\"30\" \/>\u00a0 <span style=\"color: #000000;\">nora@ilpla.edu.ar\u00a0 \u00a0<\/span><\/h6>\n<h6><a href=\"https:\/\/cursosambiente.ead.unlp.edu.ar\/wp-content\/uploads\/2025\/09\/CV-Nora-Gomez.pdf\" target=\"_blank\" rel=\"noopener\"><img loading=\"lazy\" decoding=\"async\" class=\"alignnone wp-image-500\" src=\"https:\/\/cursosambiente.ead.unlp.edu.ar\/wp-content\/uploads\/2025\/09\/cv-ok.png\" alt=\"\" width=\"30\" height=\"30\" \/><\/a>\u00a0 <span style=\"color: #000000;\">CV-Acceder<\/span><\/h6>\n<\/div>\n\n\n\n<div class=\"wp-block-column is-layout-flow wp-block-column-is-layout-flow\">\n<figure class=\"wp-block-image aligncenter size-full is-resized\"><img loading=\"lazy\" decoding=\"async\" width=\"1100\" height=\"1100\" src=\"https:\/\/cursosambiente.ead.unlp.edu.ar\/wp-content\/uploads\/2025\/09\/ok-Tevez.png\" alt=\"\" class=\"wp-image-489\" style=\"width:270px\"\/><\/figure>\n\n\n\n<h4 class=\"wp-block-heading has-text-align-center has-text-color has-link-color wp-elements-91e3ee0d9612cfeffedadac1d50c0614\" style=\"color:#33cc33\">Dra. Laura Teves<\/h4>\n\n\n\n<h6 style=\"text-align: center;\"><span style=\"color: #000000;\">Dra en Ciencias Naturales de la UNLP.\u00a0Directora del Laboratorio de Investigaciones en Etnograf\u00eda Aplicada (LINEA- FCNyM-UNLP)<\/span><\/h6>\n<h6><img loading=\"lazy\" decoding=\"async\" class=\"alignnone  wp-image-498\" src=\"https:\/\/cursosambiente.ead.unlp.edu.ar\/wp-content\/uploads\/2025\/09\/correo-chico.png\" alt=\"\" width=\"30\" height=\"30\" \/><span style=\"color: #000000;\">\u00a0 lteves@fcnym.unlp.edu.ar<\/span><\/h6>\n<h6><a href=\"https:\/\/cursosambiente.ead.unlp.edu.ar\/wp-content\/uploads\/2025\/09\/CV-Teves.pdf\" target=\"_blank\" rel=\"noopener\"><img loading=\"lazy\" decoding=\"async\" class=\"alignnone wp-image-500\" src=\"https:\/\/cursosambiente.ead.unlp.edu.ar\/wp-content\/uploads\/2025\/09\/cv-ok.png\" alt=\"\" width=\"30\" height=\"30\" \/><\/a>\u00a0 <span style=\"color: #000000;\">CV-Acceder<\/span><\/h6>\n<\/div>\n\n\n\n<div class=\"wp-block-column is-layout-flow wp-block-column-is-layout-flow\">\n<figure class=\"wp-block-image aligncenter size-full is-resized\"><img loading=\"lazy\" decoding=\"async\" width=\"1100\" height=\"1100\" src=\"https:\/\/cursosambiente.ead.unlp.edu.ar\/wp-content\/uploads\/2025\/09\/Ok-Morgante.png\" alt=\"\" class=\"wp-image-490\" style=\"width:270px\"\/><\/figure>\n\n\n\n<h4 class=\"wp-block-heading has-text-align-center has-text-color has-link-color wp-elements-b38cc34c226a51e49c1ddc1c334c63ac\" style=\"color:#33cc33\">Dra. Mar\u00eda Gabriela Morgante<\/h4>\n\n\n\n<h6 style=\"text-align: center;\"><span style=\"color: #000000;\">Dra en Ciencias Naturales de la UNLP.\u00a0Vicedecana de la Facultad de Ciencias Naturales y Museo-UNLP<\/span><\/h6>\n<h6><img loading=\"lazy\" decoding=\"async\" class=\"alignnone  wp-image-498\" src=\"https:\/\/cursosambiente.ead.unlp.edu.ar\/wp-content\/uploads\/2025\/09\/correo-chico.png\" alt=\"\" width=\"30\" height=\"30\" \/><span style=\"color: #000000;\"> gamorgante@fcnym.unlp.edu.ar\u00a0<\/span><\/h6>\n<h6><a href=\"https:\/\/cursosambiente.ead.unlp.edu.ar\/wp-content\/uploads\/2025\/09\/CV-Morgante-Normalizado.pdf\" target=\"_blank\" rel=\"noopener\"><img loading=\"lazy\" decoding=\"async\" class=\"alignnone  wp-image-500\" src=\"https:\/\/cursosambiente.ead.unlp.edu.ar\/wp-content\/uploads\/2025\/09\/cv-ok.png\" alt=\"\" width=\"30\" height=\"30\" \/><\/a>\u00a0 <span style=\"color: #000000;\">CV-Acceder<\/span><\/h6>\n<\/div>\n<\/div>\n\n\n\n<hr class=\"wp-block-separator has-text-color has-alpha-channel-opacity has-background is-style-wide\" style=\"margin-top:var(--wp--preset--spacing--30);margin-bottom:var(--wp--preset--spacing--30);background-color:#33cc33;color:#33cc33\"\/>\n\n\n\n<div class=\"wp-block-columns alignwide is-layout-flex wp-container-core-columns-is-layout-2 wp-block-columns-is-layout-flex\" style=\"padding-top:var(--wp--preset--spacing--30);padding-bottom:var(--wp--preset--spacing--30)\">\n<div class=\"wp-block-column is-layout-flow wp-block-column-is-layout-flow\">\n<figure class=\"wp-block-image aligncenter size-full is-resized\"><img loading=\"lazy\" decoding=\"async\" width=\"1100\" height=\"1100\" src=\"https:\/\/cursosambiente.ead.unlp.edu.ar\/wp-content\/uploads\/2025\/09\/ok-Wandres.png\" alt=\"\" class=\"wp-image-494\" style=\"width:270px\"\/><\/figure>\n\n\n\n<h4 class=\"wp-block-heading has-text-align-center has-text-color has-link-color wp-elements-dddf94511f495e85fde80843871877ff\" style=\"color:#33cc33\"><strong>Mg. Arq. Andres Fiandrino<\/strong><\/h4>\n\n\n\n<h6 style=\"text-align: center;\"><span style=\"color: #000000;\">Mg. Arq. Arquitecto Universidad Nacional de La Plata. Especialista en Higiene y Seguridad en la industria de la Construcci\u00f3n, UNLP y Magister en Desarrollo Sustentable, UNLa<\/span><\/h6>\n<h6><img loading=\"lazy\" decoding=\"async\" class=\"alignnone  wp-image-498\" src=\"https:\/\/cursosambiente.ead.unlp.edu.ar\/wp-content\/uploads\/2025\/09\/correo-chico.png\" alt=\"\" width=\"30\" height=\"30\" \/> <span style=\"color: #000000;\"><span style=\"color: #000000;\">andres.fiandrino@presi.unlp.edu.ar<\/span><\/span><\/h6>\n<h6><a href=\"https:\/\/cursosambiente.ead.unlp.edu.ar\/wp-content\/uploads\/2025\/09\/CV-Andres-Fiandrino.pdf\" target=\"_blank\" rel=\"noopener\"><img loading=\"lazy\" decoding=\"async\" class=\"alignnone wp-image-500\" src=\"https:\/\/cursosambiente.ead.unlp.edu.ar\/wp-content\/uploads\/2025\/09\/cv-ok.png\" alt=\"\" width=\"30\" height=\"30\" \/><\/a>\u00a0 CV-<span style=\"color: #000000;\">Acceder<\/span><\/h6>\n<\/div>\n\n\n\n<div class=\"wp-block-column is-layout-flow wp-block-column-is-layout-flow\">\n<figure class=\"wp-block-image aligncenter size-full is-resized\"><img loading=\"lazy\" decoding=\"async\" width=\"1100\" height=\"1100\" src=\"https:\/\/cursosambiente.ead.unlp.edu.ar\/wp-content\/uploads\/2025\/09\/ok-Esposito.png\" alt=\"\" class=\"wp-image-492\" style=\"width:270px\"\/><\/figure>\n\n\n\n<h4 class=\"wp-block-heading has-text-align-center has-text-color has-link-color wp-elements-8a470978881b813a10d4bf6e76339d52\" style=\"color:#33cc33\"><strong>Lic. Marisa Esp\u00f3sito<\/strong><\/h4>\n\n\n\n<h6 style=\"text-align: center;\"><span style=\"color: #000000;\">Lic. en Biolog\u00eda UNLP. Coordinadora del Programa de Gesti\u00f3n Ambiental de la FCNyM<\/span><\/h6>\n<h6><img loading=\"lazy\" decoding=\"async\" class=\"alignnone  wp-image-498\" src=\"https:\/\/cursosambiente.ead.unlp.edu.ar\/wp-content\/uploads\/2025\/09\/correo-chico.png\" alt=\"\" width=\"30\" height=\"30\" \/> <span style=\"color: #000000;\">mesposito@fcnym.unlp.edu.ar<\/span><\/h6>\n<h6><a href=\"https:\/\/cursosambiente.ead.unlp.edu.ar\/wp-content\/uploads\/2025\/09\/CV-Marisa-Esposito.pdf\" target=\"_blank\" rel=\"noopener\"><img loading=\"lazy\" decoding=\"async\" class=\"alignnone wp-image-500\" src=\"https:\/\/cursosambiente.ead.unlp.edu.ar\/wp-content\/uploads\/2025\/09\/cv-ok.png\" alt=\"\" width=\"30\" height=\"30\" \/><\/a><span style=\"color: #000000;\">\u00a0 CV-Acceder<\/span><\/h6>\n<h6>\u00a0<\/h6>\n<\/div>\n\n\n\n<div class=\"wp-block-column is-layout-flow wp-block-column-is-layout-flow\">\n<figure class=\"wp-block-image aligncenter size-full is-resized\"><img loading=\"lazy\" decoding=\"async\" width=\"1100\" height=\"1100\" src=\"https:\/\/cursosambiente.ead.unlp.edu.ar\/wp-content\/uploads\/2025\/09\/Ok-cazenave.png\" alt=\"\" class=\"wp-image-493\" style=\"width:270px\"\/><\/figure>\n\n\n\n<h4 class=\"wp-block-heading has-text-align-center has-text-color has-link-color wp-elements-5bfe491ea426df60b8f6fd912cd1e7e5\" style=\"color:#33cc33\"><strong>Lic. Micaela Cazenave<\/strong><\/h4>\n\n\n\n<h6 style=\"text-align: center;\"><span style=\"color: #000000;\">Lic. en Ciencias Ambientales (UBA). <span style=\"font-family: arial, sans-serif;\">Asesora T\u00e9cnica de la\u00a0<\/span>Subsecretar\u00eda de Residuos S\u00f3lidos Urbanosy Econom\u00eda Circular del\u00a0 Ministerio de\u00a0Ambiente de la Provincia de Buenos Aires.<\/span><\/h6>\n<h6><img loading=\"lazy\" decoding=\"async\" class=\"alignnone  wp-image-498\" src=\"https:\/\/cursosambiente.ead.unlp.edu.ar\/wp-content\/uploads\/2025\/09\/correo-chico.png\" alt=\"\" width=\"30\" height=\"30\" \/> <span style=\"color: #000000;\">cazenavemica@gmail.com<\/span><\/h6>\n<h6><a href=\"https:\/\/cursosambiente.ead.unlp.edu.ar\/wp-content\/uploads\/2025\/09\/Cv-Micaela-Cazenave.pdf\" target=\"_blank\" rel=\"noopener\"><img loading=\"lazy\" decoding=\"async\" class=\"alignnone wp-image-500\" src=\"https:\/\/cursosambiente.ead.unlp.edu.ar\/wp-content\/uploads\/2025\/09\/cv-ok.png\" alt=\"\" width=\"30\" height=\"30\" \/><\/a>\u00a0 <span style=\"color: #000000;\">CV-Acceder<\/span><\/h6>\n<\/div>\n<\/div>\n\n\n\n<hr class=\"wp-block-separator has-text-color has-alpha-channel-opacity has-background is-style-wide\" style=\"margin-top:var(--wp--preset--spacing--30);margin-bottom:var(--wp--preset--spacing--30);background-color:#33cc33;color:#33cc33\"\/>\n\n\n\n<div class=\"wp-block-columns alignwide is-layout-flex wp-container-core-columns-is-layout-3 wp-block-columns-is-layout-flex\" style=\"padding-top:var(--wp--preset--spacing--30);padding-bottom:var(--wp--preset--spacing--30)\">\n<div class=\"wp-block-column is-layout-flow wp-block-column-is-layout-flow\"><\/div>\n\n\n\n<div class=\"wp-block-column is-layout-flow wp-block-column-is-layout-flow\">\n<figure class=\"wp-block-image aligncenter size-full is-resized\"><img loading=\"lazy\" decoding=\"async\" width=\"1100\" height=\"1100\" src=\"https:\/\/cursosambiente.ead.unlp.edu.ar\/wp-content\/uploads\/2025\/09\/Ok-Lazzaro.png\" alt=\"\" class=\"wp-image-491\" style=\"width:270px\"\/><\/figure>\n\n\n\n<h4 class=\"wp-block-heading has-text-align-center has-text-color has-link-color wp-elements-f4ab95d7cc4f25fc3b9960a7088c330a\" style=\"color:#33cc33\"><strong>Mg. Ing. Mart\u00edn Lazzaro<\/strong><\/h4>\n\n\n\n<h6 style=\"text-align: center;\"><span style=\"color: #000000;\">Ing. Agr\u00f3nomo UNLP. Mag\u00edster en Desarrollo Sustentable. FLACAM-UNESCO.Coordinador de la Mesa de Trabajo para los Objetivos de Desarrollo Sostenible, de la Secretar\u00eda de Relaciones Institucionales de la UNLP.<\/span><\/h6>\n<h6><img loading=\"lazy\" decoding=\"async\" class=\"alignnone  wp-image-498\" src=\"https:\/\/cursosambiente.ead.unlp.edu.ar\/wp-content\/uploads\/2025\/09\/correo-chico.png\" alt=\"\" width=\"30\" height=\"30\" \/> <span style=\"color: #000000;\">lazzaro@agro.unlp.edu.ar<\/span><\/h6>\n<h6><a href=\"https:\/\/cursosambiente.ead.unlp.edu.ar\/wp-content\/uploads\/2025\/09\/cv-Martin-Lazzaro.pdf\" target=\"_blank\" rel=\"noopener\"><img loading=\"lazy\" decoding=\"async\" class=\"alignnone wp-image-500\" src=\"https:\/\/cursosambiente.ead.unlp.edu.ar\/wp-content\/uploads\/2025\/09\/cv-ok.png\" alt=\"\" width=\"30\" height=\"30\" \/><\/a>\u00a0<span style=\"color: #000000;\"> CV-Acceder<\/span><\/h6>\n<\/div>\n\n\n\n<div class=\"wp-block-column is-layout-flow wp-block-column-is-layout-flow\"><\/div>\n<\/div>\n\n\n\n<p><\/p>\n","protected":false},"excerpt":{"rendered":"<p>Dra. Nora G\u00f3mez Dra en Ciencias Naturales de la UNLP. Secretaria de Ambiente y Conservaci\u00f3n de Recursos Naturales de la [&hellip;]<\/p>\n","protected":false},"author":2,"featured_media":0,"parent":0,"menu_order":50,"comment_status":"closed","ping_status":"closed","template":"","meta":{"_uag_custom_page_level_css":"","site-sidebar-layout":"default","site-content-layout":"","ast-site-content-layout":"default","site-content-style":"default","site-sidebar-style":"default","ast-global-header-display":"","ast-banner-title-visibility":"","ast-main-header-display":"","ast-hfb-above-header-display":"","ast-hfb-below-header-display":"","ast-hfb-mobile-header-display":"","site-post-title":"","ast-breadcrumbs-content":"","ast-featured-img":"","footer-sml-layout":"","theme-transparent-header-meta":"","adv-header-id-meta":"","stick-header-meta":"","header-above-stick-meta":"","header-main-stick-meta":"","header-below-stick-meta":"","astra-migrate-meta-layouts":"default","ast-page-background-enabled":"default","ast-page-background-meta":{"desktop":{"background-color":"var(--ast-global-color-5)","background-image":"","background-repeat":"repeat","background-position":"center center","background-size":"auto","background-attachment":"scroll","background-type":"","background-media":"","overlay-type":"","overlay-color":"","overlay-opacity":"","overlay-gradient":""},"tablet":{"background-color":"","background-image":"","background-repeat":"repeat","background-position":"center center","background-size":"auto","background-attachment":"scroll","background-type":"","background-media":"","overlay-type":"","overlay-color":"","overlay-opacity":"","overlay-gradient":""},"mobile":{"background-color":"","background-image":"","background-repeat":"repeat","background-position":"center center","background-size":"auto","background-attachment":"scroll","background-type":"","background-media":"","overlay-type":"","overlay-color":"","overlay-opacity":"","overlay-gradient":""}},"ast-content-background-meta":{"desktop":{"background-color":"var(--ast-global-color-4)","background-image":"","background-repeat":"repeat","background-position":"center center","background-size":"auto","background-attachment":"scroll","background-type":"","background-media":"","overlay-type":"","overlay-color":"","overlay-opacity":"","overlay-gradient":""},"tablet":{"background-color":"var(--ast-global-color-4)","background-image":"","background-repeat":"repeat","background-position":"center center","background-size":"auto","background-attachment":"scroll","background-type":"","background-media":"","overlay-type":"","overlay-color":"","overlay-opacity":"","overlay-gradient":""},"mobile":{"background-color":"var(--ast-global-color-4)","background-image":"","background-repeat":"repeat","background-position":"center center","background-size":"auto","background-attachment":"scroll","background-type":"","background-media":"","overlay-type":"","overlay-color":"","overlay-opacity":"","overlay-gradient":""}},"footnotes":""},"class_list":["post-82","page","type-page","status-publish","hentry"],"uagb_featured_image_src":{"full":false,"thumbnail":false,"medium":false,"medium_large":false,"large":false,"1536x1536":false,"2048x2048":false},"uagb_author_info":{"display_name":"Claudio Javier Jaime","author_link":"https:\/\/cursosambiente.ead.unlp.edu.ar\/index.php\/author\/jjaime\/"},"uagb_comment_info":0,"uagb_excerpt":"Dra. Nora G\u00f3mez Dra en Ciencias Naturales de la UNLP. Secretaria de Ambiente y Conservaci\u00f3n de Recursos Naturales de la [&hellip;]","_links":{"self":[{"href":"https:\/\/cursosambiente.ead.unlp.edu.ar\/index.php\/wp-json\/wp\/v2\/pages\/82","targetHints":{"allow":["GET"]}}],"collection":[{"href":"https:\/\/cursosambiente.ead.unlp.edu.ar\/index.php\/wp-json\/wp\/v2\/pages"}],"about":[{"href":"https:\/\/cursosambiente.ead.unlp.edu.ar\/index.php\/wp-json\/wp\/v2\/types\/page"}],"author":[{"embeddable":true,"href":"https:\/\/cursosambiente.ead.unlp.edu.ar\/index.php\/wp-json\/wp\/v2\/users\/2"}],"replies":[{"embeddable":true,"href":"https:\/\/cursosambiente.ead.unlp.edu.ar\/index.php\/wp-json\/wp\/v2\/comments?post=82"}],"version-history":[{"count":40,"href":"https:\/\/cursosambiente.ead.unlp.edu.ar\/index.php\/wp-json\/wp\/v2\/pages\/82\/revisions"}],"predecessor-version":[{"id":555,"href":"https:\/\/cursosambiente.ead.unlp.edu.ar\/index.php\/wp-json\/wp\/v2\/pages\/82\/revisions\/555"}],"wp:attachment":[{"href":"https:\/\/cursosambiente.ead.unlp.edu.ar\/index.php\/wp-json\/wp\/v2\/media?parent=82"}],"curies":[{"name":"wp","href":"https:\/\/api.w.org\/{rel}","templated":true}]}}