{"id":253,"date":"2025-06-30T15:30:09","date_gmt":"2025-06-30T18:30:09","guid":{"rendered":"https:\/\/cursosambiente.ead.unlp.edu.ar\/?page_id=253"},"modified":"2025-11-07T11:48:37","modified_gmt":"2025-11-07T14:48:37","slug":"novedades","status":"publish","type":"page","link":"https:\/\/cursosambiente.ead.unlp.edu.ar\/index.php\/novedades\/","title":{"rendered":"Novedades"},"content":{"rendered":"\n<figure class=\"wp-block-image size-full is-resized\"><img loading=\"lazy\" decoding=\"async\" width=\"2885\" height=\"2439\" src=\"https:\/\/cursosambiente.ead.unlp.edu.ar\/wp-content\/uploads\/2025\/06\/novedades-14.png\" alt=\"\" class=\"wp-image-285\" style=\"width:203px\"\/><\/figure>\n\n\n<p><span style=\"color: #000000;\">Bienvenidos. En este espacio, compartiremos las \u00faltimas noticias y la informaci\u00f3n m\u00e1s relevante acerca de nuestras actividades acad\u00e9micas.<\/span><\/p>\n<p><span style=\"color: #000000;\">Tenemos el agrado de presentar formalmente la Oferta Acad\u00e9mica programada para el ciclo lectivo 2026.\u00a0<\/span><span style=\"color: #000000;\">Los cursos que se dictar\u00e1n a lo largo del pr\u00f3ximo a\u00f1o est\u00e1n centrados en la gesti\u00f3n ambiental, la sostenibilidad y la econom\u00eda circular, y se detallan a continuaci\u00f3n:<\/span><\/p>\n<p><span style=\"color: #3366ff;\"><strong>&#8220;Abierta la inscripci\u00f3n para los curso de 2026&#8221;<\/strong><\/span><\/p>\n<ul>\n<li><a href=\"https:\/\/cursosambiente.ead.unlp.edu.ar\/index.php\/conceptos-de-sostenibilidad-y-soluciones-basadas-en-la-naturaleza\/\"><span style=\"color: #000000;\">1-Conceptos de Sostenibilidad y Soluciones Basadas en la Naturaleza<\/span><\/a><\/li>\n<li><a href=\"https:\/\/cursosambiente.ead.unlp.edu.ar\/index.php\/la-huella-institucional-de-carbono-en-las-facultades-y-dependencias-de-la-unlp\/\"><span style=\"color: #000000;\">2-La Huella institucional de carbono en las Facultades y dependencias de la UNLP<\/span><\/a><\/li>\n<li><a href=\"https:\/\/cursosambiente.ead.unlp.edu.ar\/index.php\/economia-circular-y-gestion-integral-de-residuos-solidos-urbanos-girsu\/\"><span style=\"color: #000000;\">3-Econom\u00eda Circular y Gesti\u00f3n Integral de Residuos S\u00f3lidos Urbanos (GIRSU)<\/span><\/a><\/li>\n<\/ul>\n<p><span style=\"color: #000000;\">Cierre de inscripci\u00f3n 15 de febrero. Habilitaci\u00f3n de los contenidos del curso: marzo de 2026.<\/span><\/p>\n<p><span style=\"color: #3366ff;\"><strong>En el segundo cuatrimestre de 2026 se abrir\u00e1n cursos nuevos:<\/strong><\/span><\/p>\n<ul>\n<li><a href=\"https:\/\/cursosambiente.ead.unlp.edu.ar\/index.php\/objetivos-de-desarrollo-sostenible-y-participacion-comunitaria\/\"><span style=\"color: #000000;\">4-Objetivos de Desarrollo Sostenible y Participaci\u00f3n Comunitaria<\/span><\/a><\/li>\n<\/ul>\n<p><span style=\"color: #000000;\">Pr\u00f3ximamente ampliaremos la oferta acad\u00e9mica con mas cursos.<\/span><br \/><span style=\"color: #000000;\">Para mas info: sostenibilidadenaccionunlp@gmail.com<\/span><\/p>\n\n\n<p><\/p>\n","protected":false},"excerpt":{"rendered":"<p>Bienvenidos. En este espacio, compartiremos las \u00faltimas noticias y la informaci\u00f3n m\u00e1s relevante acerca de nuestras actividades acad\u00e9micas. Tenemos el [&hellip;]<\/p>\n","protected":false},"author":2,"featured_media":0,"parent":0,"menu_order":95,"comment_status":"closed","ping_status":"closed","template":"","meta":{"_uag_custom_page_level_css":"","site-sidebar-layout":"default","site-content-layout":"","ast-site-content-layout":"default","site-content-style":"default","site-sidebar-style":"default","ast-global-header-display":"","ast-banner-title-visibility":"","ast-main-header-display":"","ast-hfb-above-header-display":"","ast-hfb-below-header-display":"","ast-hfb-mobile-header-display":"","site-post-title":"","ast-breadcrumbs-content":"","ast-featured-img":"","footer-sml-layout":"","theme-transparent-header-meta":"","adv-header-id-meta":"","stick-header-meta":"","header-above-stick-meta":"","header-main-stick-meta":"","header-below-stick-meta":"","astra-migrate-meta-layouts":"default","ast-page-background-enabled":"default","ast-page-background-meta":{"desktop":{"background-color":"var(--ast-global-color-5)","background-image":"","background-repeat":"repeat","background-position":"center center","background-size":"auto","background-attachment":"scroll","background-type":"","background-media":"","overlay-type":"","overlay-color":"","overlay-opacity":"","overlay-gradient":""},"tablet":{"background-color":"","background-image":"","background-repeat":"repeat","background-position":"center center","background-size":"auto","background-attachment":"scroll","background-type":"","background-media":"","overlay-type":"","overlay-color":"","overlay-opacity":"","overlay-gradient":""},"mobile":{"background-color":"","background-image":"","background-repeat":"repeat","background-position":"center center","background-size":"auto","background-attachment":"scroll","background-type":"","background-media":"","overlay-type":"","overlay-color":"","overlay-opacity":"","overlay-gradient":""}},"ast-content-background-meta":{"desktop":{"background-color":"var(--ast-global-color-4)","background-image":"","background-repeat":"repeat","background-position":"center center","background-size":"auto","background-attachment":"scroll","background-type":"","background-media":"","overlay-type":"","overlay-color":"","overlay-opacity":"","overlay-gradient":""},"tablet":{"background-color":"var(--ast-global-color-4)","background-image":"","background-repeat":"repeat","background-position":"center center","background-size":"auto","background-attachment":"scroll","background-type":"","background-media":"","overlay-type":"","overlay-color":"","overlay-opacity":"","overlay-gradient":""},"mobile":{"background-color":"var(--ast-global-color-4)","background-image":"","background-repeat":"repeat","background-position":"center center","background-size":"auto","background-attachment":"scroll","background-type":"","background-media":"","overlay-type":"","overlay-color":"","overlay-opacity":"","overlay-gradient":""}},"footnotes":""},"class_list":["post-253","page","type-page","status-publish","hentry"],"uagb_featured_image_src":{"full":false,"thumbnail":false,"medium":false,"medium_large":false,"large":false,"1536x1536":false,"2048x2048":false},"uagb_author_info":{"display_name":"Claudio Javier Jaime","author_link":"https:\/\/cursosambiente.ead.unlp.edu.ar\/index.php\/author\/jjaime\/"},"uagb_comment_info":0,"uagb_excerpt":"Bienvenidos. En este espacio, compartiremos las \u00faltimas noticias y la informaci\u00f3n m\u00e1s relevante acerca de nuestras actividades acad\u00e9micas. Tenemos el [&hellip;]","_links":{"self":[{"href":"https:\/\/cursosambiente.ead.unlp.edu.ar\/index.php\/wp-json\/wp\/v2\/pages\/253","targetHints":{"allow":["GET"]}}],"collection":[{"href":"https:\/\/cursosambiente.ead.unlp.edu.ar\/index.php\/wp-json\/wp\/v2\/pages"}],"about":[{"href":"https:\/\/cursosambiente.ead.unlp.edu.ar\/index.php\/wp-json\/wp\/v2\/types\/page"}],"author":[{"embeddable":true,"href":"https:\/\/cursosambiente.ead.unlp.edu.ar\/index.php\/wp-json\/wp\/v2\/users\/2"}],"replies":[{"embeddable":true,"href":"https:\/\/cursosambiente.ead.unlp.edu.ar\/index.php\/wp-json\/wp\/v2\/comments?post=253"}],"version-history":[{"count":14,"href":"https:\/\/cursosambiente.ead.unlp.edu.ar\/index.php\/wp-json\/wp\/v2\/pages\/253\/revisions"}],"predecessor-version":[{"id":602,"href":"https:\/\/cursosambiente.ead.unlp.edu.ar\/index.php\/wp-json\/wp\/v2\/pages\/253\/revisions\/602"}],"wp:attachment":[{"href":"https:\/\/cursosambiente.ead.unlp.edu.ar\/index.php\/wp-json\/wp\/v2\/media?parent=253"}],"curies":[{"name":"wp","href":"https:\/\/api.w.org\/{rel}","templated":true}]}}